{"id":11,"date":"2024-09-03T00:56:07","date_gmt":"2024-09-02T22:56:07","guid":{"rendered":"https:\/\/www.ekloria.fr\/bilan-de-competences-angers\/?page_id=11"},"modified":"2024-09-10T10:26:00","modified_gmt":"2024-09-10T08:26:00","slug":"home","status":"publish","type":"page","link":"https:\/\/www.ekloria.fr\/bilan-de-competences-angers\/","title":{"rendered":"Votre Id\u00e9al Pro"},"content":{"rendered":"\n<div style=\"background-color:#313131;padding-left:8%;padding-right:8%;padding-bottom:10%;padding-top:10%\" class=\"wp-block-genesis-blocks-gb-container welcome gb-block-container alignfull\"><div class=\"gb-container-inside\"><div class=\"gb-container-image-wrap\"><img decoding=\"async\" class=\"gb-container-image has-background-dim-70 has-background-dim\" src=\"https:\/\/www.ekloria.fr\/bilan-de-competences-angers\/wp-content\/uploads\/2024\/09\/ekloria-by-prestal-header-2-bilan-de-competences-angers.png\" alt=\"\"\/><\/div><div class=\"gb-container-content\" style=\"max-width:1200px\">\n<p class=\"has-text-align-center has-white-color has-text-color has-huge-font-size\">Bilan de Comp\u00e9tences &#8211; Angers<\/p>\n\n\n\n<p class=\"has-text-align-center has-white-color has-text-color has-large-font-size\"><strong>Atteignez votre Id\u00e9al Professionnel <\/strong><\/p>\n\n\n\n<p class=\"has-text-align-center has-white-color has-text-color\"><strong>Nous sommes l\u00e0 pour vous aider \u00e0 le trouver.<\/strong><\/p>\n\n\n\n<div class=\"wp-block-button aligncenter target-blank\"><a class=\"wp-block-button__link has-white-color has-text-color has-background wp-element-button\" href=\"https:\/\/thebrandidthemes.com\/product\/course-maker-theme\/\" style=\"background:linear-gradient(180deg,rgb(252,185,0) 0%,rgb(242,194,100) 49%,rgb(255,105,0) 100%)\">En savoir Plus<\/a><\/div>\n<\/div><\/div><\/div>\n\n\n\n<div class=\"wp-block-genesis-blocks-gb-columns gb-slate-section-feature-text-columns gb-slate-feature-text-columns gb-layout-columns-1 one-column gb-has-custom-background-color gb-has-custom-text-color gb-columns-center alignfull\" style=\"padding-top:6em;padding-right:1em;padding-bottom:6em;padding-left:1em;background-color:#ffffff;color:#1f1f1f\"><div class=\"gb-layout-column-wrap gb-block-layout-column-gap-2 gb-is-responsive-column\" style=\"max-width:1200px\">\n<div class=\"wp-block-genesis-blocks-gb-column gb-block-layout-column\"><div class=\"gb-block-layout-column-inner\">\n<div class=\"wp-block-genesis-blocks-gb-columns gb-layout-columns-1 one-column gb-columns-center\"><div class=\"gb-layout-column-wrap gb-block-layout-column-gap-2 gb-is-responsive-column\" style=\"max-width:840px\">\n<div class=\"wp-block-genesis-blocks-gb-column gb-block-layout-column\"><div class=\"gb-block-layout-column-inner\">\n<h2 class=\"wp-block-heading has-text-align-center has-text-color\" style=\"color:#1f1f1f;font-size:40px\"><strong>Votre Carri\u00e8re STAGNE ? Reprenez le CONTR\u00d4LE avec un Bilan de Comp\u00e9tences Personnalis\u00e9.<\/strong><\/h2>\n\n\n\n<p class=\"has-text-align-center\"><strong>Laurent, Caroline, Christopher, Soazig :<\/strong> des professionnels comme vous ont d\u00e9j\u00e0 fait le choix de transformer leur carri\u00e8re gr\u00e2ce \u00e0 notre bilan de comp\u00e9tences \u00e0 Angers. Pourquoi pas vous ?<\/p>\n<\/div><\/div>\n<\/div><\/div>\n\n\n\n<div style=\"height:30px\" aria-hidden=\"true\" class=\"wp-block-spacer\"><\/div>\n\n\n\n<div class=\"wp-block-genesis-blocks-gb-columns gb-layout-columns-3 gb-3-col-equal\"><div class=\"gb-layout-column-wrap gb-block-layout-column-gap-2 gb-is-responsive-column\">\n<div class=\"wp-block-genesis-blocks-gb-column gb-block-layout-column\"><div class=\"gb-block-layout-column-inner\">\n<h4 class=\"wp-block-heading has-text-color\" style=\"color:#1f1f1f;font-size:26px\"><strong>Proximit\u00e9 et Pr\u00e9sentiel :<\/strong><br><\/h4>\n\n\n\n<p class=\"has-text-color\" style=\"color:#1f1f1f\">Rien ne vaut le contact humain. Nos bilans de comp\u00e9tences se d\u00e9roulent en face \u00e0 face, pour une approche v\u00e9ritablement personnalis\u00e9e, adapt\u00e9e \u00e0 vos besoins sp\u00e9cifiques.<\/p>\n<\/div><\/div>\n\n\n\n<div class=\"wp-block-genesis-blocks-gb-column gb-block-layout-column\"><div class=\"gb-block-layout-column-inner\">\n<h4 class=\"wp-block-heading has-text-color\" style=\"color:#1f1f1f;font-size:26px\"><strong>Expertise Confirm\u00e9e :<\/strong><br><\/h4>\n\n\n\n<p class=\"has-text-color\" style=\"color:#1f1f1f\">Avec des ann\u00e9es d\u2019exp\u00e9rience, nous vous guidons pas \u00e0 pas pour d\u00e9couvrir vos forces, clarifier vos aspirations et d\u00e9finir un plan d\u2019action r\u00e9aliste.<\/p>\n<\/div><\/div>\n\n\n\n<div class=\"wp-block-genesis-blocks-gb-column gb-block-layout-column\"><div class=\"gb-block-layout-column-inner\">\n<h4 class=\"wp-block-heading has-text-color\" style=\"color:#1f1f1f;font-size:26px\"><strong>Un Suivi Approfondi :<\/strong><br><\/h4>\n\n\n\n<p class=\"has-text-color\" style=\"color:#1f1f1f\">Ne vous contentez pas d\u2019un bilan sur papier. Profitez d\u2019un accompagnement sur mesure qui vous aide \u00e0 passer de la r\u00e9flexion \u00e0 l\u2019action, avec des solutions concr\u00e8tes pour votre avenir professionnel.<\/p>\n<\/div><\/div>\n<\/div><\/div>\n<\/div><\/div>\n<\/div><\/div>\n\n\n\n<div class=\"wp-block-genesis-blocks-gb-columns gb-layout-service-1 gb-layout-columns-3 gb-3-col-wideleft gb-has-custom-background-color gb-columns-center alignfull\" style=\"padding-top:5%;padding-right:5%;padding-left:5%;background-color:#f1f1f1\"><div class=\"gb-layout-column-wrap gb-block-layout-column-gap-2 gb-is-responsive-column\" style=\"max-width:1200px\">\n<div class=\"wp-block-genesis-blocks-gb-column gb-block-layout-column\"><div class=\"gb-block-layout-column-inner\">\n<h2 class=\"wp-block-heading has-medium-font-size\"><strong>Imaginez-vous dans un emploi qui correspond vraiment \u00e0 vos comp\u00e9tences et \u00e0 vos aspirations.<\/strong><\/h2>\n\n\n\n<p>Vous vous levez chaque matin avec l\u2019envie de relever de nouveaux d\u00e9fis, dans un m\u00e9tier qui vous passionne. Ce r\u00eave peut devenir r\u00e9alit\u00e9 avec notre bilan de comp\u00e9tences.<\/p>\n\n\n\n<p>Nous avons aid\u00e9 des professionnels \u00e0 redonner du sens \u00e0 leur carri\u00e8re, en leur offrant un accompagnement personnalis\u00e9 et humain.<\/p>\n\n\n\n<div class=\"wp-block-group is-nowrap is-layout-flex wp-container-core-group-is-layout-ad2f72ca wp-block-group-is-layout-flex\">\n<figure class=\"wp-block-image size-full is-resized\"><img loading=\"lazy\" decoding=\"async\" width=\"604\" height=\"458\" src=\"https:\/\/www.ekloria.fr\/bilan-de-competences-angers\/wp-content\/uploads\/2024\/09\/moment-toxique.png\" alt=\"\" class=\"wp-image-19\" style=\"width:294px;height:auto\" srcset=\"https:\/\/www.ekloria.fr\/bilan-de-competences-angers\/wp-content\/uploads\/2024\/09\/moment-toxique.png 604w, https:\/\/www.ekloria.fr\/bilan-de-competences-angers\/wp-content\/uploads\/2024\/09\/moment-toxique-300x227.png 300w\" sizes=\"auto, (max-width: 604px) 100vw, 604px\" \/><\/figure>\n<\/div>\n<\/div><\/div>\n\n\n\n<div class=\"wp-block-genesis-blocks-gb-column gb-block-layout-column\"><div class=\"gb-block-layout-column-inner\">\n<h4 class=\"wp-block-heading has-medium-font-size\">Laurent, 45 ans, stress\u00e9 par son poste,<\/h4>\n\n\n\n<p>a red\u00e9couvert ses comp\u00e9tences et a franchi une nouvelle \u00e9tape dans sa carri\u00e8re gr\u00e2ce \u00e0 notre bilan.<\/p>\n\n\n\n<h3 class=\"wp-block-heading has-medium-font-size\">Christopher, 28 ans, et Soazig, 50 ans,<\/h3>\n\n\n\n<p>ont chacun trouv\u00e9 leur voie gr\u00e2ce \u00e0 notre expertise. <\/p>\n\n\n\n<p><\/p>\n\n\n\n<h3 class=\"wp-block-heading alignwide has-text-align-center has-accent-color has-text-color has-link-color wp-elements-e07fbc0eb8f2bbfd3172a735c83dcff0\"><strong>Pourquoi pas vous ?<\/strong><\/h3>\n<\/div><\/div>\n\n\n\n<div class=\"wp-block-genesis-blocks-gb-column gb-block-layout-column\"><div class=\"gb-block-layout-column-inner\">\n<h4 class=\"wp-block-heading has-medium-font-size\">Caroline, 34 ans,<\/h4>\n\n\n\n<p>se sentait coinc\u00e9e dans sa routine quotidienne. Aujourd\u2019hui, gr\u00e2ce \u00e0 notre accompagnement, elle a trouv\u00e9 un poste qui la passionne et qui lui permet de concilier vie professionnelle et personnelle.<\/p>\n\n\n\n<h3 class=\"wp-block-heading has-medium-font-size\"><\/h3>\n\n\n\n<p><\/p>\n<\/div><\/div>\n<\/div><\/div>\n\n\n\n<div style=\"color:#ddd\" class=\"wp-block-genesis-blocks-gb-spacer gb-block-spacer gb-divider-solid gb-divider-size-1\"><hr style=\"height:30px\"\/><\/div>\n\n\n\n<div style=\"background-color:#f2f1ef;padding-left:8%;padding-right:8%;padding-bottom:5%;padding-top:5%\" class=\"wp-block-genesis-blocks-gb-container gb-block-container alignfull\"><div class=\"gb-container-inside\"><div class=\"gb-container-content\" style=\"max-width:900px\">\n<p class=\"has-text-align-center has-medium-font-size\"><\/p>\n\n\n\n<div class=\"wp-block-button aligncenter wp-video-lightbox\"><a class=\"wp-block-button__link wp-element-button\">Afin de r\u00e9pondre au mieux \u00e0 vos attentes, 2 bilans de comp\u00e9tences vous sont propos\u00e9s :<\/a><\/div>\n<\/div><\/div><\/div>\n\n\n\n<div class=\"wp-block-genesis-blocks-gb-columns gb-slate-section-numbered-list-and-image gb-layout-columns-2 gb-2-col-equal gb-has-custom-background-color gb-has-custom-text-color gb-columns-center alignfull\" style=\"padding-top:6em;padding-right:1em;padding-left:1em;background-color:#ffffff;color:#1f1f1f\"><div class=\"gb-layout-column-wrap gb-block-layout-column-gap-3 gb-is-responsive-column\" style=\"max-width:1200px\">\n<div class=\"wp-block-genesis-blocks-gb-column gb-block-layout-column\"><div class=\"gb-block-layout-column-inner\">\n<h3 class=\"wp-block-heading has-text-align-center gpb-fluid-4 has-text-color\" style=\"color:#fcb900;font-size:40px\"><strong>DECOUVREZ!<\/strong><\/h3>\n\n\n\n<h2 class=\"wp-block-heading has-text-align-center has-text-color has-link-color wp-elements-634c12c05f6df9108ee797bfa55990c6\" style=\"color:#008080\"><em><sup><sub>Votre projet<\/sub><\/sup><\/em>&#8230;<\/h2>\n\n\n\n<p class=\"has-text-color\" style=\"color:#1f1f1f;font-size:22px\">Explorez vos comp\u00e9tences et toutes les pistes profssionelles en \u00e9tant accompagn\u00e9 \u00e0 chaque \u00e9tape de votre Bilan de Comp\u00e9tences.<\/p>\n\n\n\n<p><strong>Dur\u00e9e<\/strong> : 16 heures effectu\u00e9es en face \u00e0 face avec votre consultant et 8 heures de travail personnel.<\/p>\n\n\n\n<p><a href=\"https:\/\/www.moncompteformation.gouv.fr\/espace-prive\/html\/#\/formation\/recherche\/53023402000028_bc-12h\/53023402000028_bc-12h\">Lien moncompteformation.fr<\/a><\/p>\n<\/div><\/div>\n\n\n\n<div class=\"wp-block-genesis-blocks-gb-column gb-block-layout-column gb-is-vertically-aligned-top\"><div class=\"gb-block-layout-column-inner\">\n<h2 class=\"wp-block-heading has-text-align-center gpb-fluid-4 has-text-color\" style=\"color:#fcb900;font-size:40px\"><strong>AFFIRMEZ!<\/strong><\/h2>\n\n\n\n<h2 class=\"wp-block-heading has-text-align-center has-text-color has-link-color wp-elements-edd574d510461b4caac2f95ec198538e\" style=\"color:#008080\"><em><sup><sub>Votre projet\u2026<\/sub><\/sup><\/em> <\/h2>\n\n\n\n<p class=\"has-text-color\" style=\"color:#1f1f1f;font-size:22px\">Conscientisez vos comp\u00e9tences en autonomie, cr\u00e9er votre projet professionnel, le tout valid\u00e9 par votre consultant sur une p\u00e9riode tr\u00e8s courte.<\/p>\n\n\n\n<p><strong>Dur\u00e9e<\/strong> : 8 heures effectu\u00e9es en face \u00e0 face avec votre consultant et 6 heures de travail personnel.<\/p>\n\n\n\n<p><a href=\"https:\/\/www.moncompteformation.gouv.fr\/espace-prive\/html\/#\/formation\/recherche\/53023402000028_bc-manager\/53023402000028_bc-8\">Lien moncompteformation.fr<\/a><\/p>\n<\/div><\/div>\n<\/div><\/div>\n\n\n\n<div class=\"wp-block-buttons is-content-justification-center is-layout-flex wp-container-core-buttons-is-layout-16018d1d wp-block-buttons-is-layout-flex\">\n<div class=\"wp-block-button\"><a class=\"wp-block-button__link has-background wp-element-button\" href=\"https:\/\/www.ekloria.fr\/prestations\/bilan-de-competences-angers-avrille\/\" style=\"background-color:#f2c264\" target=\"_blank\" rel=\"noopener\">En savoir plus &#8230;<\/a><\/div>\n<\/div>\n\n\n\n<hr class=\"wp-block-separator has-alpha-channel-opacity\"\/>\n\n\n\n<div class=\"wp-block-genesis-blocks-gb-columns gb-slate-section-testimonial-image gb-slate-section-testimonial gb-layout-columns-2 gb-2-col-equal gb-has-background-dim gb-has-background-dim-20 gb-background-cover gb-background-no-repeat gb-has-custom-background-color gb-has-custom-text-color gb-columns-center alignfull\" style=\"padding-top:6em;padding-right:1em;padding-bottom:6em;padding-left:1em;background-color:#1f1f1f;color:#f5f5f5;background-image:url(https:\/\/demo.studiopress.com\/page-builder\/gp_tangerine_sky.jpg)\"><div class=\"gb-layout-column-wrap gb-block-layout-column-gap-2 gb-is-responsive-column\" style=\"max-width:1200px\">\n<div class=\"wp-block-genesis-blocks-gb-column gb-block-layout-column\"><div class=\"gb-block-layout-column-inner\">\n<figure class=\"wp-block-image size-large is-resized\"><img loading=\"lazy\" decoding=\"async\" width=\"1024\" height=\"1024\" src=\"https:\/\/www.ekloria.fr\/bilan-de-competences-angers\/wp-content\/uploads\/2024\/09\/Bilan-de-Competences-Angers-Avrille-Arnaud-1024x1024.png\" alt=\"\" class=\"wp-image-18\" style=\"width:539px;height:auto\" srcset=\"https:\/\/www.ekloria.fr\/bilan-de-competences-angers\/wp-content\/uploads\/2024\/09\/Bilan-de-Competences-Angers-Avrille-Arnaud-1024x1024.png 1024w, https:\/\/www.ekloria.fr\/bilan-de-competences-angers\/wp-content\/uploads\/2024\/09\/Bilan-de-Competences-Angers-Avrille-Arnaud-300x300.png 300w, https:\/\/www.ekloria.fr\/bilan-de-competences-angers\/wp-content\/uploads\/2024\/09\/Bilan-de-Competences-Angers-Avrille-Arnaud-150x150.png 150w, https:\/\/www.ekloria.fr\/bilan-de-competences-angers\/wp-content\/uploads\/2024\/09\/Bilan-de-Competences-Angers-Avrille-Arnaud-768x768.png 768w, https:\/\/www.ekloria.fr\/bilan-de-competences-angers\/wp-content\/uploads\/2024\/09\/Bilan-de-Competences-Angers-Avrille-Arnaud-800x800.png 800w, https:\/\/www.ekloria.fr\/bilan-de-competences-angers\/wp-content\/uploads\/2024\/09\/Bilan-de-Competences-Angers-Avrille-Arnaud-600x600.png 600w, https:\/\/www.ekloria.fr\/bilan-de-competences-angers\/wp-content\/uploads\/2024\/09\/Bilan-de-Competences-Angers-Avrille-Arnaud.png 1080w\" sizes=\"auto, (max-width: 1024px) 100vw, 1024px\" \/><\/figure>\n<\/div><\/div>\n\n\n\n<div class=\"wp-block-genesis-blocks-gb-column gb-block-layout-column gb-is-vertically-aligned-center\"><div class=\"gb-block-layout-column-inner\">\n<h3 class=\"wp-block-heading has-text-color\" style=\"color:#f5f5f5;font-size:32px\">Manager op\u00e9rationnel pendant 15 ans, je me suis souvent mis des barri\u00e8res pour atteindre mon id\u00e9al professionnel.<\/h3>\n\n\n\n<p>Un accompagnement comme celui-ci aurait pu me faire gagner des ann\u00e9es pour atteindre mon \u00e9quilibre. L\u2019accompagnement individualis\u00e9 fut une r\u00e9v\u00e9lation pour moi apr\u00e8s avoir suivi moi-m\u00eame un bilan de comp\u00e9tences en mode coaching.<\/p>\n\n\n\n<ul class=\"wp-block-list\">\n<li>VALEUR AJOUTE<\/li>\n\n\n\n<li>GAIN DE TEMPS<\/li>\n\n\n\n<li>D\u2019ESTIME DE SOI<\/li>\n<\/ul>\n\n\n\n<p class=\"has-text-color has-medium-font-size\" style=\"color:#abb8c3\">Et je serai ravi de vous accompagner dans cette aventure<\/p>\n\n\n\n<div class=\"wp-block-buttons is-layout-flex wp-block-buttons-is-layout-flex\">\n<div class=\"wp-block-button\"><a class=\"wp-block-button__link has-background wp-element-button\" href=\"https:\/\/www.ekloria.fr\/bilan-de-competences-angers\/arnaud\/\" style=\"background-color:#f2c264\">En savoir plus &#8230;<\/a><\/div>\n<\/div>\n<\/div><\/div>\n<\/div><\/div>\n\n\n\n<div class=\"wp-block-genesis-blocks-gb-columns gb-layout-service-3 gb-layout-columns-2 gb-2-col-equal gb-columns-center alignfull\" style=\"padding-top:5%;padding-right:5%;padding-left:5%\"><div class=\"gb-layout-column-wrap gb-block-layout-column-gap-5 gb-is-responsive-column\" style=\"max-width:1200px\">\n<div class=\"wp-block-genesis-blocks-gb-column gb-block-layout-column\"><div class=\"gb-block-layout-column-inner\">\n<figure class=\"wp-block-image size-large is-resized\"><img loading=\"lazy\" decoding=\"async\" width=\"1024\" height=\"1024\" src=\"https:\/\/www.ekloria.fr\/bilan-de-competences-angers\/wp-content\/uploads\/2024\/09\/Bilan-de-Competences-Angers-Avrille-Katia-1024x1024.png\" alt=\"\" class=\"wp-image-17\" style=\"width:555px;height:auto\" srcset=\"https:\/\/www.ekloria.fr\/bilan-de-competences-angers\/wp-content\/uploads\/2024\/09\/Bilan-de-Competences-Angers-Avrille-Katia-1024x1024.png 1024w, https:\/\/www.ekloria.fr\/bilan-de-competences-angers\/wp-content\/uploads\/2024\/09\/Bilan-de-Competences-Angers-Avrille-Katia-300x300.png 300w, https:\/\/www.ekloria.fr\/bilan-de-competences-angers\/wp-content\/uploads\/2024\/09\/Bilan-de-Competences-Angers-Avrille-Katia-150x150.png 150w, https:\/\/www.ekloria.fr\/bilan-de-competences-angers\/wp-content\/uploads\/2024\/09\/Bilan-de-Competences-Angers-Avrille-Katia-768x768.png 768w, https:\/\/www.ekloria.fr\/bilan-de-competences-angers\/wp-content\/uploads\/2024\/09\/Bilan-de-Competences-Angers-Avrille-Katia-800x800.png 800w, https:\/\/www.ekloria.fr\/bilan-de-competences-angers\/wp-content\/uploads\/2024\/09\/Bilan-de-Competences-Angers-Avrille-Katia-600x600.png 600w, https:\/\/www.ekloria.fr\/bilan-de-competences-angers\/wp-content\/uploads\/2024\/09\/Bilan-de-Competences-Angers-Avrille-Katia.png 1080w\" sizes=\"auto, (max-width: 1024px) 100vw, 1024px\" \/><\/figure>\n<\/div><\/div>\n\n\n\n<div class=\"wp-block-genesis-blocks-gb-column gb-block-layout-column gb-is-vertically-aligned-center\"><div class=\"gb-block-layout-column-inner\">\n<h2 class=\"wp-block-heading has-medium-font-size\">Je suis Katia<\/h2>\n\n\n\n<h2 class=\"wp-block-heading has-medium-font-size\">Consultante certifi\u00e9e en bilan de comp\u00e9tences\u2026<\/h2>\n\n\n\n<h3 class=\"wp-block-heading\"><em>Ma mission de vie?<\/em><\/h3>\n\n\n\n<p>Vous aider \u00e0 lib\u00e9rer votre potentiel professionnel pour redonner du sens et de l\u2019\u00e9panouissement \u00e0 votre carri\u00e8re<\/p>\n\n\n\n<h3 class=\"wp-block-heading\"><em>Comment?<\/em><\/h3>\n\n\n\n<p>Je vous donne les moyens de devenir le leader de votre, de prendre vos d\u00e9cisions en toute conscience.&nbsp;<\/p>\n\n\n\n<p>Vous \u00eates unique et votre coaching doit l\u2019\u00eatre aussi.&nbsp;Passionn\u00e9e et bienveillante, vous \u00eates au centre de mon attention pendant toute la dur\u00e9e des s\u00e9ances. J\u2019adapte les accompagnement pour qu\u2019ils soient personnalis\u00e9s et individualis\u00e9s.<\/p>\n\n\n\n<p>Mon leitmotiv\u2026 r\u00e9pondre \u00e0&nbsp;<mark><em><strong>votre besoin \u00e0 toi sp\u00e9cifiquement<\/strong><\/em>.<\/mark><\/p>\n\n\n\n<p>Quelque soit votre parcours, vos aspirations professionnelle, je peux vous donner les cl\u00e9s pour y voir plus clair dans vos projets. <br><\/p>\n\n\n\n<div class=\"wp-block-buttons is-layout-flex wp-block-buttons-is-layout-flex\">\n<div class=\"wp-block-button\"><a class=\"wp-block-button__link has-background wp-element-button\" href=\"http:\/\/ekloria.fr\" style=\"background-color:#f2c264\" target=\"_blank\" rel=\"noreferrer noopener\">En savoir plus &#8230;<\/a><\/div>\n<\/div>\n\n\n\n<p><\/p>\n<\/div><\/div>\n<\/div><\/div>\n\n\n\n<div class=\"wp-block-genesis-blocks-gb-columns gb-layout-columns-2 gb-2-col-wideright has-linksbuttons-background-color alignfull\"><div class=\"gb-layout-column-wrap gb-block-layout-column-gap-2 gb-is-responsive-column\">\n<div class=\"wp-block-genesis-blocks-gb-column gb-block-layout-column gb-is-vertically-aligned-center\"><div class=\"gb-block-layout-column-inner\" style=\"padding-top:6%;padding-right:10%;padding-bottom:6%;padding-left:10%\">\n<p class=\"has-text-align-right has-accent-color has-text-color has-large-font-size\">L&rsquo;Objectif d&rsquo;un Bilan de Comp\u00e9tences<\/p>\n<\/div><\/div>\n\n\n\n<div class=\"wp-block-genesis-blocks-gb-column gb-block-layout-column gb-is-vertically-aligned-center\"><div class=\"gb-block-layout-column-inner has-gray-background-color has-white-color\" style=\"padding-top:6%;padding-right:10%;padding-bottom:6%;padding-left:10%\">\n<p class=\"has-text-align-left has-white-color has-text-color\">\u201cLe bilan de comp\u00e9tences a pour objet de permettre \u00e0 des travailleurs d\u2019analyser leurs comp\u00e9tences professionnelles et personnelles, ainsi que leurs aptitudes et leurs motivations afin de d\u00e9finir un projet professionnel et, le cas \u00e9ch\u00e9ant, un projet de formation.\u201d &nbsp; &nbsp; D\u00e9cret 2008-244 du 7 mars et ses circulaires d\u2019application DGFP n\u00b093 \/ 13 du 19\/ 03 \/ 1993<\/p>\n<\/div><\/div>\n<\/div><\/div>\n\n\n\n<div class=\"wp-block-genesis-blocks-gb-columns gb-slate-section-text-with-cta gb-slate-text-with-cta gb-layout-columns-1 gb-1-col-equal gb-has-background-dim gb-has-background-dim-30 gb-has-custom-background-color gb-has-custom-text-color gb-columns-center alignfull\" style=\"padding-top:9em;padding-right:1em;padding-bottom:9em;padding-left:1em;background-color:#1f1f1f;color:#f5f5f5;background-position:50% 52%\"><div class=\"gb-layout-column-wrap gb-block-layout-column-gap-3 gb-is-responsive-column\" style=\"max-width:872px\">\n<div class=\"wp-block-genesis-blocks-gb-column gb-block-layout-column\"><div class=\"gb-block-layout-column-inner\">\n<h2 class=\"wp-block-heading has-text-align-center has-text-color\" style=\"color:#f5f5f5;font-size:40px\">Ne laissez plus passer l\u2019opportunit\u00e9 de transformer votre carri\u00e8re !<\/h2>\n\n\n\n<p><strong>Prenez Rendez-vous d\u00e8s Maintenant pour un Entretien Pr\u00e9liminaire Gratuit et Sans Engagement.<\/strong><\/p>\n\n\n\n<div class=\"wp-block-buttons is-horizontal is-content-justification-center is-layout-flex wp-container-core-buttons-is-layout-499968f5 wp-block-buttons-is-layout-flex\">\n<div class=\"wp-block-button\"><a class=\"wp-block-button__link has-text-color has-background wp-element-button\" href=\"https:\/\/meet.brevo.com\/arnaud-lalande-1\" style=\"border-radius:4px;color:#ffffff;background-color:#f2c264\">Planifier Votre Entretien<\/a><\/div>\n<\/div>\n<\/div><\/div>\n<\/div><\/div>\n","protected":false},"excerpt":{"rendered":"","protected":false},"author":1,"featured_media":0,"parent":0,"menu_order":0,"comment_status":"closed","ping_status":"closed","template":"","meta":{"_genesis_hide_title":true,"_genesis_hide_breadcrumbs":false,"_genesis_hide_singular_image":false,"_genesis_hide_footer_widgets":false,"_genesis_custom_body_class":"","_genesis_custom_post_class":"","_genesis_layout":"","footnotes":""},"class_list":{"0":"post-11","1":"page","2":"type-page","3":"status-publish","5":"entry"},"featured_image_src":null,"featured_image_src_square":null,"_links":{"self":[{"href":"https:\/\/www.ekloria.fr\/bilan-de-competences-angers\/wp-json\/wp\/v2\/pages\/11","targetHints":{"allow":["GET"]}}],"collection":[{"href":"https:\/\/www.ekloria.fr\/bilan-de-competences-angers\/wp-json\/wp\/v2\/pages"}],"about":[{"href":"https:\/\/www.ekloria.fr\/bilan-de-competences-angers\/wp-json\/wp\/v2\/types\/page"}],"author":[{"embeddable":true,"href":"https:\/\/www.ekloria.fr\/bilan-de-competences-angers\/wp-json\/wp\/v2\/users\/1"}],"replies":[{"embeddable":true,"href":"https:\/\/www.ekloria.fr\/bilan-de-competences-angers\/wp-json\/wp\/v2\/comments?post=11"}],"version-history":[{"count":13,"href":"https:\/\/www.ekloria.fr\/bilan-de-competences-angers\/wp-json\/wp\/v2\/pages\/11\/revisions"}],"predecessor-version":[{"id":84,"href":"https:\/\/www.ekloria.fr\/bilan-de-competences-angers\/wp-json\/wp\/v2\/pages\/11\/revisions\/84"}],"wp:attachment":[{"href":"https:\/\/www.ekloria.fr\/bilan-de-competences-angers\/wp-json\/wp\/v2\/media?parent=11"}],"curies":[{"name":"wp","href":"https:\/\/api.w.org\/{rel}","templated":true}]}}