{"id":27,"date":"2024-09-03T08:42:14","date_gmt":"2024-09-03T06:42:14","guid":{"rendered":"https:\/\/www.ekloria.fr\/bilan-de-competences-angers\/?page_id=27"},"modified":"2024-09-20T23:35:56","modified_gmt":"2024-09-20T21:35:56","slug":"arnaud","status":"publish","type":"page","link":"https:\/\/www.ekloria.fr\/bilan-de-competences-angers\/arnaud\/","title":{"rendered":"Arnaud"},"content":{"rendered":"\n<div class=\"wp-block-genesis-blocks-gb-columns gb-slate-section-testimonial-image gb-slate-section-testimonial gb-layout-columns-2 gb-2-col-wideright gb-has-background-dim gb-has-background-dim-20 gb-background-cover gb-background-no-repeat gb-has-custom-background-color gb-has-custom-text-color gb-columns-center alignfull\" style=\"padding-top:7em;padding-right:1em;padding-bottom:6em;padding-left:1em;background-color:#1f1f1f;color:#f5f5f5;background-image:url(https:\/\/demo.studiopress.com\/page-builder\/gp_tangerine_sky.jpg)\"><div class=\"gb-layout-column-wrap gb-block-layout-column-gap-2 gb-is-responsive-column\" style=\"max-width:1200px\">\n<div class=\"wp-block-genesis-blocks-gb-column gb-block-layout-column\"><div class=\"gb-block-layout-column-inner\">\n<figure class=\"wp-block-gallery has-nested-images columns-default is-cropped wp-block-gallery-2 is-layout-flex wp-block-gallery-is-layout-flex\">\n<figure class=\"wp-block-image size-large photoapropos wp-duotone-unset-1\"><img loading=\"lazy\" decoding=\"async\" width=\"1024\" height=\"1024\" data-id=\"18\" src=\"https:\/\/www.ekloria.fr\/bilan-de-competences-angers\/wp-content\/uploads\/2024\/09\/Bilan-de-Competences-Angers-Avrille-Arnaud-1024x1024.png\" alt=\"\" class=\"wp-image-18\" style=\"object-fit:cover\" srcset=\"https:\/\/www.ekloria.fr\/bilan-de-competences-angers\/wp-content\/uploads\/2024\/09\/Bilan-de-Competences-Angers-Avrille-Arnaud-1024x1024.png 1024w, https:\/\/www.ekloria.fr\/bilan-de-competences-angers\/wp-content\/uploads\/2024\/09\/Bilan-de-Competences-Angers-Avrille-Arnaud-300x300.png 300w, https:\/\/www.ekloria.fr\/bilan-de-competences-angers\/wp-content\/uploads\/2024\/09\/Bilan-de-Competences-Angers-Avrille-Arnaud-150x150.png 150w, https:\/\/www.ekloria.fr\/bilan-de-competences-angers\/wp-content\/uploads\/2024\/09\/Bilan-de-Competences-Angers-Avrille-Arnaud-768x768.png 768w, https:\/\/www.ekloria.fr\/bilan-de-competences-angers\/wp-content\/uploads\/2024\/09\/Bilan-de-Competences-Angers-Avrille-Arnaud-800x800.png 800w, https:\/\/www.ekloria.fr\/bilan-de-competences-angers\/wp-content\/uploads\/2024\/09\/Bilan-de-Competences-Angers-Avrille-Arnaud-600x600.png 600w, https:\/\/www.ekloria.fr\/bilan-de-competences-angers\/wp-content\/uploads\/2024\/09\/Bilan-de-Competences-Angers-Avrille-Arnaud.png 1080w\" sizes=\"auto, (max-width: 1024px) 100vw, 1024px\" \/><\/figure>\n<\/figure>\n<\/div><\/div>\n\n\n\n<div class=\"wp-block-genesis-blocks-gb-column gb-block-layout-column gb-is-vertically-aligned-center\"><div class=\"gb-block-layout-column-inner\">\n<h3 class=\"wp-block-heading has-text-color\" style=\"color:#f5f5f5;font-size:32px\"><strong>Ma conviction ?<\/strong><br>Se conna\u00eetre est un atout majeur pour piloter sa vie professionnelle et atteindre son id\u00e9al professionnel.<\/h3>\n<\/div><\/div>\n<\/div><\/div>\n\n\n\n<div class=\"wp-block-genesis-blocks-gb-columns gb-slate-section-feature-image-and-text-columns gb-slate-section-feature-image-columns gb-layout-columns-1 one-column gb-has-custom-background-color gb-has-custom-text-color gb-columns-center alignfull\" style=\"margin-top:3px;padding-top:3em;padding-right:1em;padding-bottom:6em;padding-left:1em;background-color:#ededed;color:#1f1f1f\"><div class=\"gb-layout-column-wrap gb-block-layout-column-gap-2 gb-is-responsive-column\" style=\"max-width:1200px\">\n<div class=\"wp-block-genesis-blocks-gb-column gb-block-layout-column\"><div class=\"gb-block-layout-column-inner\">\n<div class=\"wp-block-genesis-blocks-gb-columns gb-layout-columns-2 gb-2-col-equal\"><div class=\"gb-layout-column-wrap gb-block-layout-column-gap-3 gb-is-responsive-column\">\n<div class=\"wp-block-genesis-blocks-gb-column gb-block-layout-column\"><div class=\"gb-block-layout-column-inner\">\n<h3 class=\"wp-block-heading\">Manager op\u00e9rationnel pendant 15 ans, je me suis souvent mis des barri\u00e8res pour atteindre mon id\u00e9al professionnel.<\/h3>\n\n\n\n<p>Un accompagnement comme celui-ci aurait pu me faire gagner des ann\u00e9es pour atteindre mon \u00e9quilibre. L\u2019accompagnement individualis\u00e9 fut une r\u00e9v\u00e9lation pour moi apr\u00e8s avoir suivi moi-m\u00eame un bilan de comp\u00e9tences en mode coaching.<\/p>\n\n\n\n<ul class=\"wp-block-list\">\n<li>VALEUR AJOUTE<\/li>\n\n\n\n<li>GAIN DE TEMPS<\/li>\n\n\n\n<li>ESTIME DE SOI<\/li>\n<\/ul>\n\n\n\n<p>C&rsquo;est incomparable \u00e0 toutes formations, reflexion autonome et personnel.<\/p>\n\n\n\n<p>Les \u00e9changes sont cibl\u00e9s sur VOUS le coach\u00e9.<\/p>\n<\/div><\/div>\n\n\n\n<div class=\"wp-block-genesis-blocks-gb-column gb-block-layout-column\"><div class=\"gb-block-layout-column-inner\">\n<h3 class=\"wp-block-heading\" style=\"font-size:26px\">Mon Parcours<\/h3>\n\n\n\n<ul class=\"wp-block-list\">\n<li>2012 Consultant Coach en Management  <br>  Conduite de changement et bilan de Comp\u00e9tences<\/li>\n\n\n\n<li>2003 Directeur de Secteur &#8211; Grande Distribution  <br>  Management de 100 collaborateurs<\/li>\n\n\n\n<li>2002 Responsable de R\u00e9seau &#8211; Grande Distribution  <br> Management de 30 collaborateurs<\/li>\n\n\n\n<li>1998 Responsable de rayon &#8211; Distribution Sp\u00e9cialis\u00e9e  <br>  Management de 10 collaborateurs<\/li>\n<\/ul>\n\n\n\n<h3 class=\"wp-block-heading\" style=\"font-size:26px\">Mes Certifications<\/h3>\n\n\n\n<ul class=\"wp-block-list\">\n<li>Coach RNCP &#8211; Haute Ecole De Coaching<\/li>\n\n\n\n<li>Certifi\u00e9 Formateur M\u00e9thode DiSC &#8211; Discernys<\/li>\n\n\n\n<li>3\u00e8me Cycle Responsable Management et D\u00e9veloppement des RH &#8211; IGS<\/li>\n\n\n\n<li>Ma\u00eetrise d&rsquo;\u00e9conomie et gestion des entreprises &#8211; Facult\u00e9<\/li>\n\n\n\n<li>Deug Math\u00e8matiques Appliqu\u00e9es aux sciences Sociales &#8211; Facult\u00e9<\/li>\n\n\n\n<li><\/li>\n<\/ul>\n\n\n\n<hr class=\"wp-block-separator has-alpha-channel-opacity\"\/>\n\n\n\n<p><\/p>\n\n\n\n<h3 class=\"wp-block-heading\" style=\"font-size:26px\">A part \u00e7a &#8230;<\/h3>\n\n\n\n<figure class=\"wp-block-embed is-type-video is-provider-youtube wp-block-embed-youtube wp-embed-aspect-16-9 wp-has-aspect-ratio\"><div class=\"wp-block-embed__wrapper\">\n<iframe loading=\"lazy\" title=\"Arnaud expert dans la conduite de changement coach en bilan de comp\u00e9tences, Ekloria, pr\u00e8s d&#039;Angers.\" width=\"500\" height=\"281\" src=\"https:\/\/www.youtube.com\/embed\/MhdRHcM7Kls?feature=oembed\" frameborder=\"0\" allow=\"accelerometer; autoplay; clipboard-write; encrypted-media; gyroscope; picture-in-picture; web-share\" referrerpolicy=\"strict-origin-when-cross-origin\" allowfullscreen><\/iframe>\n<\/div><figcaption class=\"wp-element-caption\">Courte Pr\u00e9sentation en mode konbini !<\/figcaption><\/figure>\n<\/div><\/div>\n<\/div><\/div>\n<\/div><\/div>\n<\/div><\/div>\n\n\n\n<hr class=\"wp-block-separator has-alpha-channel-opacity is-style-wide\"\/>\n\n\n\n<p><br><\/p>\n\n\n\n<p><\/p>\n\n\n\n<p><\/p>\n\n\n\n<p><br><\/p>\n","protected":false},"excerpt":{"rendered":"","protected":false},"author":1,"featured_media":0,"parent":0,"menu_order":0,"comment_status":"closed","ping_status":"closed","template":"","meta":{"_genesis_hide_title":true,"_genesis_hide_breadcrumbs":false,"_genesis_hide_singular_image":false,"_genesis_hide_footer_widgets":false,"_genesis_custom_body_class":"","_genesis_custom_post_class":"","_genesis_layout":"","footnotes":""},"class_list":{"0":"post-27","1":"page","2":"type-page","3":"status-publish","5":"entry"},"featured_image_src":null,"featured_image_src_square":null,"_links":{"self":[{"href":"https:\/\/www.ekloria.fr\/bilan-de-competences-angers\/wp-json\/wp\/v2\/pages\/27","targetHints":{"allow":["GET"]}}],"collection":[{"href":"https:\/\/www.ekloria.fr\/bilan-de-competences-angers\/wp-json\/wp\/v2\/pages"}],"about":[{"href":"https:\/\/www.ekloria.fr\/bilan-de-competences-angers\/wp-json\/wp\/v2\/types\/page"}],"author":[{"embeddable":true,"href":"https:\/\/www.ekloria.fr\/bilan-de-competences-angers\/wp-json\/wp\/v2\/users\/1"}],"replies":[{"embeddable":true,"href":"https:\/\/www.ekloria.fr\/bilan-de-competences-angers\/wp-json\/wp\/v2\/comments?post=27"}],"version-history":[{"count":5,"href":"https:\/\/www.ekloria.fr\/bilan-de-competences-angers\/wp-json\/wp\/v2\/pages\/27\/revisions"}],"predecessor-version":[{"id":158,"href":"https:\/\/www.ekloria.fr\/bilan-de-competences-angers\/wp-json\/wp\/v2\/pages\/27\/revisions\/158"}],"wp:attachment":[{"href":"https:\/\/www.ekloria.fr\/bilan-de-competences-angers\/wp-json\/wp\/v2\/media?parent=27"}],"curies":[{"name":"wp","href":"https:\/\/api.w.org\/{rel}","templated":true}]}}